{"id":97,"date":"2021-07-18T08:41:13","date_gmt":"2021-07-18T08:41:13","guid":{"rendered":"https:\/\/demo.athemes.com\/botiga\/?post_type=product&#038;p=97"},"modified":"2026-03-22T21:57:20","modified_gmt":"2026-03-22T14:57:20","slug":"eternal-sunset-collection-lip-and-cheek-set-with-jojoba-oil","status":"publish","type":"product","link":"https:\/\/precisbilliards.com\/vi\/san-pham\/eternal-sunset-collection-lip-and-cheek-set-with-jojoba-oil\/","title":{"rendered":"S4 xanh l\u00e1"},"content":{"rendered":"<h3 style=\"text-align: center;\" data-start=\"240\" data-end=\"350\"><span style=\"color: #ff0000;\"><strong>S4 xanh l\u00e1<\/strong><\/span><\/h3>\n<h4 style=\"text-align: left;\" data-start=\"240\" data-end=\"350\">S4 Green Chalk mang \u0111\u1ebfn tr\u1ea3i nghi\u1ec7m ch\u01a1i \u1ed5n \u0111\u1ecbnh, s\u1ea1ch tay v\u00e0 c\u1ea3m gi\u00e1c \u0111\u00e1nh ch\u1eafc ch\u1eafn h\u01a1n trong t\u1eebng c\u00fa c\u01a1.<\/h4>\n<p data-start=\"352\" data-end=\"559\">\u0110i\u1ec3m kh\u00e1c bi\u1ec7t c\u1ee7a S4 n\u1eb1m \u1edf vi\u1ec7c s\u1eed d\u1ee5ng <strong data-start=\"393\" data-end=\"484\">b\u1ed9t l\u01a1 nh\u1eadp kh\u1ea9u thu\u1ed9c nh\u00f3m nguy\u00ean li\u1ec7u \u0111\u01b0\u1ee3c s\u1eed d\u1ee5ng tr\u00ean c\u00e1c d\u00f2ng l\u01a1 cao c\u1ea5p nh\u1ea5t hi\u1ec7n nay<\/strong>, gi\u00fap t\u1ea1o n\u00ean ch\u1ea5t l\u01a1 m\u1ecbn, b\u00e1m t\u1ed1t v\u00e0 \u1ed5n \u0111\u1ecbnh h\u01a1n trong qu\u00e1 tr\u00ecnh s\u1eed d\u1ee5ng.<\/p>\n<p data-start=\"561\" data-end=\"720\">S\u1ea3n ph\u1ea9m \u0111\u01b0\u1ee3c t\u1ed1i \u01b0u \u0111\u1ec3 <strong data-start=\"585\" data-end=\"614\">gi\u1ea3m kho\u1ea3ng 50% l\u01b0\u1ee3ng b\u1ee5i<\/strong> so v\u1edbi nhi\u1ec1u lo\u1ea1i l\u01a1 th\u00f4ng th\u01b0\u1eddng, gi\u00fap \u0111\u1ea7u c\u01a1, tay c\u1ea7m v\u00e0 b\u1ec1 m\u1eb7t b\u00e0n s\u1ea1ch h\u01a1n trong su\u1ed1t qu\u00e1 tr\u00ecnh ch\u01a1i.<\/p>\n<p data-start=\"722\" data-end=\"959\">Tr\u01b0\u1edbc khi ho\u00e0n thi\u1ec7n, S4 \u0111\u01b0\u1ee3c <strong data-start=\"752\" data-end=\"792\">th\u1eed nghi\u1ec7m k\u1ef9 trong ph\u00f2ng th\u00ed nghi\u1ec7m<\/strong> v\u1ec1 \u0111\u1ed9 b\u00e1m \u0111\u1ea7u t\u1ea9y, nh\u1eb1m \u0111\u1ea3m b\u1ea3o kh\u1ea3 n\u0103ng b\u00e1m t\u1ed1t v\u00e0 duy tr\u00ec hi\u1ec7u qu\u1ea3 \u1ed5n \u0111\u1ecbnh, cho c\u1ea3m gi\u00e1c <strong data-start=\"884\" data-end=\"934\">b\u00f4i m\u1ed9t l\u1ea7n c\u00f3 th\u1ec3 s\u1eed d\u1ee5ng tr\u00ean h\u01a1n 10 c\u00fa \u0111\u00e1nh<\/strong> trong \u0111i\u1ec1u ki\u1ec7n ph\u00f9 h\u1ee3p.<\/p>\n<p data-start=\"961\" data-end=\"1169\">B\u00ean c\u1ea1nh \u0111\u00f3, vi\u00ean l\u01a1 c\u00f2n \u0111\u01b0\u1ee3c trang b\u1ecb <strong data-start=\"1000\" data-end=\"1020\">l\u1edbp ph\u1ee7 ch\u1ed1ng \u1ea9m<\/strong> nh\u1eb1m gi\u1ea3m thi\u1ec3u \u1ea3nh h\u01b0\u1edfng t\u1eeb m\u00f4i tr\u01b0\u1eddng b\u00ean ngo\u00e0i, gi\u00fap h\u1ea1n ch\u1ebf t\u00ecnh tr\u1ea1ng l\u01a1 b\u1ecb \u1ea9m v\u00e0 h\u1ed7 tr\u1ee3 duy tr\u00ec ch\u1ea5t l\u01b0\u1ee3ng s\u1eed d\u1ee5ng \u1ed5n \u0111\u1ecbnh h\u01a1n theo th\u1eddi gian.<\/p>\n<p data-start=\"1171\" data-end=\"1312\">Ph\u1ea7n <strong data-start=\"1176\" data-end=\"1188\">nh\u00e3n d\u00e1n<\/strong> c\u0169ng \u0111\u01b0\u1ee3c x\u1eed l\u00fd theo <strong data-start=\"1210\" data-end=\"1233\">c\u00f4ng th\u1ee9c \u0111\u1ed9c quy\u1ec1n<\/strong>, t\u1ea1o c\u1ea3m gi\u00e1c c\u1ea7m \u00eam \u00e1i, ch\u1eafc tay v\u00e0 t\u0103ng \u0111\u1ed9 ho\u00e0n thi\u1ec7n cho t\u1ed5ng th\u1ec3 s\u1ea3n ph\u1ea9m.<\/p>\n<hr \/>\n<h4 data-start=\"1314\" data-end=\"1334\"><strong data-start=\"1314\" data-end=\"1334\">\u01afu \u0111i\u1ec3m n\u1ed5i b\u1eadt:<\/strong><\/h4>\n<ul data-start=\"1335\" data-end=\"1624\">\n<li data-section-id=\"1i185wa\" data-start=\"1335\" data-end=\"1395\">\n<p data-start=\"1337\" data-end=\"1395\">S\u1eed d\u1ee5ng b\u1ed9t l\u01a1 nh\u1eadp kh\u1ea9u \u0111\u01b0\u1ee3c d\u00f9ng tr\u00ean c\u00e1c d\u00f2ng l\u01a1 cao c\u1ea5p nh\u1ea5t hi\u1ec7n nay<\/p>\n<\/li>\n<li data-section-id=\"14idhje\" data-start=\"1396\" data-end=\"1457\">\n<p data-start=\"1398\" data-end=\"1457\">Gi\u1ea3m\u00a0 50% l\u01b0\u1ee3ng b\u1ee5i so v\u1edbi nhi\u1ec1u lo\u1ea1i l\u01a1 th\u00f4ng th\u01b0\u1eddng<\/p>\n<\/li>\n<li data-section-id=\"1j43qgr\" data-start=\"1458\" data-end=\"1517\">\n<p data-start=\"1460\" data-end=\"1517\">\u0110\u1ed9 b\u00e1m \u0111\u1ea7u t\u1ea9y t\u1ed1t, h\u1ed7 tr\u1ee3 h\u01a1n 10 c\u00fa \u0111\u00e1nh sau m\u1ed9t l\u1ea7n b\u00f4i<\/p>\n<\/li>\n<li data-section-id=\"1urddpq\" data-start=\"1518\" data-end=\"1572\">\n<p data-start=\"1520\" data-end=\"1572\">C\u00f3 l\u1edbp ph\u1ee7 ch\u1ed1ng \u1ea9m, h\u1ea1n ch\u1ebf \u1ea3nh h\u01b0\u1edfng t\u1eeb m\u00f4i tr\u01b0\u1eddng<\/p>\n<\/li>\n<li data-section-id=\"rjk5kb\" data-start=\"1573\" data-end=\"1624\">\n<p data-start=\"1575\" data-end=\"1624\">Nh\u00e3n d\u00e1n x\u1eed l\u00fd \u0111\u1ed9c quy\u1ec1n, c\u1ea7m \u00eam v\u00e0 ch\u1eafc ch\u1eafn h\u01a1n<\/p>\n<\/li>\n<\/ul>","protected":false},"excerpt":{"rendered":"<p>L\u01a1 bida b\u00e1m t\u1ed1t, \u00edt b\u1ee5i, c\u1ea3m gi\u00e1c \u0111\u00e1nh \u1ed5n \u0111\u1ecbnh, thi\u1ebft k\u1ebf g\u1ecdn \u0111\u1eb9p cho nhu c\u1ea7u ch\u01a1i h\u1eb1ng ng\u00e0y.<\/p>","protected":false},"featured_media":512,"comment_status":"open","ping_status":"closed","template":"","meta":[],"product_brand":[],"product_cat":[23],"product_tag":[],"class_list":{"0":"post-97","1":"product","2":"type-product","3":"status-publish","4":"has-post-thumbnail","6":"product_cat-chalk","8":"first","9":"instock","10":"shipping-taxable","11":"purchasable","12":"product-type-simple"},"_links":{"self":[{"href":"https:\/\/precisbilliards.com\/vi\/wp-json\/wp\/v2\/product\/97","targetHints":{"allow":["GET"]}}],"collection":[{"href":"https:\/\/precisbilliards.com\/vi\/wp-json\/wp\/v2\/product"}],"about":[{"href":"https:\/\/precisbilliards.com\/vi\/wp-json\/wp\/v2\/types\/product"}],"replies":[{"embeddable":true,"href":"https:\/\/precisbilliards.com\/vi\/wp-json\/wp\/v2\/comments?post=97"}],"wp:featuredmedia":[{"embeddable":true,"href":"https:\/\/precisbilliards.com\/vi\/wp-json\/wp\/v2\/media\/512"}],"wp:attachment":[{"href":"https:\/\/precisbilliards.com\/vi\/wp-json\/wp\/v2\/media?parent=97"}],"wp:term":[{"taxonomy":"product_brand","embeddable":true,"href":"https:\/\/precisbilliards.com\/vi\/wp-json\/wp\/v2\/product_brand?post=97"},{"taxonomy":"product_cat","embeddable":true,"href":"https:\/\/precisbilliards.com\/vi\/wp-json\/wp\/v2\/product_cat?post=97"},{"taxonomy":"product_tag","embeddable":true,"href":"https:\/\/precisbilliards.com\/vi\/wp-json\/wp\/v2\/product_tag?post=97"}],"curies":[{"name":"wp","href":"https:\/\/api.w.org\/{rel}","templated":true}]}}