{"id":19,"date":"2026-03-12T03:51:45","date_gmt":"2026-03-12T03:51:45","guid":{"rendered":"https:\/\/precisbilliards.com\/?page_id=19"},"modified":"2026-03-12T04:52:41","modified_gmt":"2026-03-12T04:52:41","slug":"refund_returns","status":"publish","type":"page","link":"https:\/\/precisbilliards.com\/vi\/refund_returns\/","title":{"rendered":"Ch\u00ednh s\u00e1ch \u0111\u1ed5i tr\u1ea3 v\u00e0 ho\u00e0n ti\u1ec1n"},"content":{"rendered":"<p>T\u1ea1i <strong>PRECIS Billiards<\/strong>, ch\u00fang t\u00f4i lu\u00f4n mong mu\u1ed1n mang \u0111\u1ebfn cho kh\u00e1ch h\u00e0ng nh\u1eefng s\u1ea3n ph\u1ea9m \u0111\u00fang m\u00f4 t\u1ea3, \u0111\u00fang ph\u00e2n lo\u1ea1i v\u00e0 trong t\u00ecnh tr\u1ea1ng t\u1ed1t nh\u1ea5t. N\u1ebfu c\u00f3 v\u1ea5n \u0111\u1ec1 ph\u00e1t sinh v\u1edbi \u0111\u01a1n h\u00e0ng, vui l\u00f2ng li\u00ean h\u1ec7 v\u1edbi ch\u00fang t\u00f4i \u0111\u1ec3 \u0111\u01b0\u1ee3c h\u1ed7 tr\u1ee3 s\u1edbm nh\u1ea5t.<\/p>\n\n\n\n<h2 class=\"wp-block-heading\">1. Tr\u01b0\u1eddng h\u1ee3p \u0111\u01b0\u1ee3c h\u1ed7 tr\u1ee3 \u0111\u1ed5i tr\u1ea3 ho\u1eb7c ho\u00e0n ti\u1ec1n<\/h2>\n\n\n\n<p>Kh\u00e1ch h\u00e0ng c\u00f3 th\u1ec3 y\u00eau c\u1ea7u \u0111\u1ed5i tr\u1ea3 ho\u1eb7c ho\u00e0n ti\u1ec1n trong c\u00e1c tr\u01b0\u1eddng h\u1ee3p sau:<\/p>\n\n\n\n<ul class=\"wp-block-list\">\n<li>S\u1ea3n ph\u1ea9m b\u1ecb l\u1ed7i do s\u1ea3n xu\u1ea5t<\/li>\n\n\n\n<li>S\u1ea3n ph\u1ea9m b\u1ecb h\u01b0 h\u1ecfng trong qu\u00e1 tr\u00ecnh v\u1eadn chuy\u1ec3n<\/li>\n\n\n\n<li>Giao sai s\u1ea3n ph\u1ea9m, sai m\u1eabu, sai m\u00e0u, sai ph\u00e2n lo\u1ea1i ho\u1eb7c sai s\u1ed1 l\u01b0\u1ee3ng so v\u1edbi \u0111\u01a1n \u0111\u1eb7t h\u00e0ng<\/li>\n\n\n\n<li>Thi\u1ebfu s\u1ea3n ph\u1ea9m trong \u0111\u01a1n h\u00e0ng<\/li>\n<\/ul>\n\n\n\n<h2 class=\"wp-block-heading\">2. Th\u1eddi gian y\u00eau c\u1ea7u h\u1ed7 tr\u1ee3<\/h2>\n\n\n\n<p>Kh\u00e1ch h\u00e0ng vui l\u00f2ng li\u00ean h\u1ec7 v\u1edbi ch\u00fang t\u00f4i trong v\u00f2ng <strong>48 gi\u1edd k\u1ec3 t\u1eeb khi nh\u1eadn h\u00e0ng.<\/strong>.<\/p>\n\n\n\n<p>\u0110\u1ec3 vi\u1ec7c x\u1eed l\u00fd \u0111\u01b0\u1ee3c nhanh ch\u00f3ng v\u00e0 ch\u00ednh x\u00e1c, vui l\u00f2ng cung c\u1ea5p:<\/p>\n\n\n\n<ul class=\"wp-block-list\">\n<li>M\u00e3 \u0111\u01a1n h\u00e0ng<\/li>\n\n\n\n<li>\u1ea2nh ho\u1eb7c video m\u1edf g\u00f3i h\u00e0ng<\/li>\n\n\n\n<li>\u1ea2nh ho\u1eb7c video th\u1ec3 hi\u1ec7n r\u00f5 l\u1ed7i c\u1ee7a s\u1ea3n ph\u1ea9m ho\u1eb7c t\u00ecnh tr\u1ea1ng \u0111\u01a1n h\u00e0ng<\/li>\n<\/ul>\n\n\n\n<h2 class=\"wp-block-heading\">3. \u0110i\u1ec1u ki\u1ec7n \u00e1p d\u1ee5ng \u0111\u1ed5i tr\u1ea3<\/h2>\n\n\n\n<p>S\u1ea3n ph\u1ea9m \u0111\u01b0\u1ee3c ch\u1ea5p nh\u1eadn \u0111\u1ed5i tr\u1ea3 c\u1ea7n \u0111\u00e1p \u1ee9ng c\u00e1c \u0111i\u1ec1u ki\u1ec7n sau:<\/p>\n\n\n\n<ul class=\"wp-block-list\">\n<li>Ch\u01b0a qua s\u1eed d\u1ee5ng<\/li>\n\n\n\n<li>C\u00f2n \u0111\u1ea7y \u0111\u1ee7 bao b\u00ec, tem nh\u00e3n v\u00e0 ph\u1ee5 ki\u1ec7n \u0111i k\u00e8m n\u1ebfu c\u00f3<\/li>\n\n\n\n<li>Kh\u00f4ng b\u1ecb h\u01b0 h\u1ecfng do t\u00e1c \u0111\u1ed9ng t\u1eeb ph\u00eda ng\u01b0\u1eddi s\u1eed d\u1ee5ng<\/li>\n\n\n\n<li>\u0110\u01b0\u1ee3c g\u1eedi y\u00eau c\u1ea7u trong \u0111\u00fang th\u1eddi gian quy \u0111\u1ecbnh<\/li>\n<\/ul>\n\n\n\n<h2 class=\"wp-block-heading\">4. Tr\u01b0\u1eddng h\u1ee3p kh\u00f4ng \u00e1p d\u1ee5ng \u0111\u1ed5i tr\u1ea3 ho\u1eb7c ho\u00e0n ti\u1ec1n<\/h2>\n\n\n\n<p>Ch\u00fang t\u00f4i c\u00f3 th\u1ec3 t\u1eeb ch\u1ed1i h\u1ed7 tr\u1ee3 trong c\u00e1c tr\u01b0\u1eddng h\u1ee3p sau:<\/p>\n\n\n\n<ul class=\"wp-block-list\">\n<li>Kh\u00e1ch h\u00e0ng th\u00f4ng b\u00e1o sau th\u1eddi h\u1ea1n quy \u0111\u1ecbnh<\/li>\n\n\n\n<li>S\u1ea3n ph\u1ea9m \u0111\u00e3 qua s\u1eed d\u1ee5ng ho\u1eb7c kh\u00f4ng c\u00f2n nguy\u00ean tr\u1ea1ng ban \u0111\u1ea7u<\/li>\n\n\n\n<li>S\u1ea3n ph\u1ea9m b\u1ecb h\u01b0 h\u1ecfng do r\u01a1i v\u1ee1, va \u0111\u1eadp, ng\u00e2m n\u01b0\u1edbc, b\u1ea3o qu\u1ea3n sai c\u00e1ch ho\u1eb7c t\u00e1c \u0111\u1ed9ng t\u1eeb ph\u00eda ng\u01b0\u1eddi d\u00f9ng<\/li>\n\n\n\n<li>Kh\u00f4ng c\u00f3 h\u00ecnh \u1ea3nh ho\u1eb7c video ch\u1ee9ng minh khi c\u00f3 khi\u1ebfu n\u1ea1i li\u00ean quan \u0111\u1ebfn thi\u1ebfu h\u00e0ng, sai h\u00e0ng ho\u1eb7c h\u01b0 h\u1ecfng<\/li>\n\n\n\n<li>Kh\u00e1ch h\u00e0ng \u0111\u1eb7t nh\u1ea7m s\u1ea3n ph\u1ea9m nh\u01b0ng s\u1ea3n ph\u1ea9m v\u1eabn \u0111\u00fang nh\u01b0 m\u00f4 t\u1ea3 v\u00e0 \u0111\u01b0\u1ee3c giao \u0111\u00fang \u0111\u01a1n<\/li>\n<\/ul>\n\n\n\n<h2 class=\"wp-block-heading\">5. H\u00ecnh th\u1ee9c x\u1eed l\u00fd<\/h2>\n\n\n\n<p>T\u00f9y t\u1eebng tr\u01b0\u1eddng h\u1ee3p c\u1ee5 th\u1ec3, <strong>PRECIS Billiards<\/strong> s\u1ebd \u00e1p d\u1ee5ng m\u1ed9t trong c\u00e1c ph\u01b0\u01a1ng \u00e1n sau:<\/p>\n\n\n\n<ul class=\"wp-block-list\">\n<li>\u0110\u1ed5i s\u1ea3n ph\u1ea9m m\u1edbi<\/li>\n\n\n\n<li>G\u1eedi b\u00f9 ph\u1ea7n h\u00e0ng c\u00f2n thi\u1ebfu<\/li>\n\n\n\n<li>Ho\u00e0n ti\u1ec1n m\u1ed9t ph\u1ea7n<\/li>\n\n\n\n<li>Ho\u00e0n ti\u1ec1n to\u00e0n b\u1ed9<\/li>\n<\/ul>\n\n\n\n<p>Ch\u00fang t\u00f4i c\u00f3 quy\u1ec1n ki\u1ec3m tra v\u00e0 x\u00e1c minh t\u00ecnh tr\u1ea1ng \u0111\u01a1n h\u00e0ng tr\u01b0\u1edbc khi \u0111\u01b0a ra quy\u1ebft \u0111\u1ecbnh x\u1eed l\u00fd cu\u1ed1i c\u00f9ng.<\/p>\n\n\n\n<h2 class=\"wp-block-heading\">6. Chi ph\u00ed v\u1eadn chuy\u1ec3n \u0111\u1ed5i tr\u1ea3<\/h2>\n\n\n\n<ul class=\"wp-block-list\">\n<li>N\u1ebfu l\u1ed7i thu\u1ed9c v\u1ec1 ch\u00fang t\u00f4i ho\u1eb7c ph\u00e1t sinh t\u1eeb qu\u00e1 tr\u00ecnh v\u1eadn chuy\u1ec3n, ch\u00fang t\u00f4i s\u1ebd ch\u1ecbu c\u00e1c chi ph\u00ed li\u00ean quan<\/li>\n\n\n\n<li>N\u1ebfu kh\u00e1ch h\u00e0ng mu\u1ed1n \u0111\u1ed5i h\u00e0ng v\u00ec l\u00fd do c\u00e1 nh\u00e2n, kh\u00e1ch h\u00e0ng vui l\u00f2ng thanh to\u00e1n chi ph\u00ed v\u1eadn chuy\u1ec3n ph\u00e1t sinh n\u1ebfu c\u00f3<\/li>\n<\/ul>\n\n\n\n<h2 class=\"wp-block-heading\">7. Th\u1eddi gian ho\u00e0n ti\u1ec1n<\/h2>\n\n\n\n<p>Sau khi y\u00eau c\u1ea7u ho\u00e0n ti\u1ec1n \u0111\u01b0\u1ee3c x\u00e1c nh\u1eadn, th\u1eddi gian nh\u1eadn ti\u1ec1n s\u1ebd ph\u1ee5 thu\u1ed9c v\u00e0o ph\u01b0\u01a1ng th\u1ee9c thanh to\u00e1n ban \u0111\u1ea7u v\u00e0 \u0111\u01a1n v\u1ecb thanh to\u00e1n. Ch\u00fang t\u00f4i s\u1ebd th\u00f4ng b\u00e1o c\u1ee5 th\u1ec3 cho kh\u00e1ch h\u00e0ng trong t\u1eebng tr\u01b0\u1eddng h\u1ee3p.<\/p>\n\n\n\n<h2 class=\"wp-block-heading\">8. Li\u00ean h\u1ec7 h\u1ed7 tr\u1ee3<\/h2>\n\n\n\n<p>N\u1ebfu b\u1ea1n c\u1ea7n h\u1ed7 tr\u1ee3 v\u1ec1 \u0111\u1ed5i tr\u1ea3 ho\u1eb7c ho\u00e0n ti\u1ec1n, vui l\u00f2ng li\u00ean h\u1ec7 v\u1edbi ch\u00fang t\u00f4i qua th\u00f4ng tin d\u01b0\u1edbi \u0111\u00e2y:<\/p>\n\n\n\n<p><strong>Email:<\/strong> support@precisbilliards.com<br><strong>S\u1ed1 \u0111i\u1ec7n tho\u1ea1i \/ Zalo:<\/strong> 0363.933.276<br><strong>\u0110\u1ecba ch\u1ec9 nh\u1eadn h\u00e0ng \u0111\u1ed5i tr\u1ea3:<\/strong> S\u1ed1 45A L\u00fd T\u1ef1 Tr\u1ecdng, P. S\u00e0i G\u00f2n, Tp. HCM.<\/p>\n\n\n\n<p><\/p>","protected":false},"excerpt":{"rendered":"<p>At PRECIS Billiards, we are committed to providing products that match their descriptions, correct variations, and arrive in good condition. If there is any issue with your order, please contact [&hellip;]<\/p>\n","protected":false},"author":1,"featured_media":0,"parent":0,"menu_order":0,"comment_status":"closed","ping_status":"closed","template":"","meta":{"footnotes":""},"class_list":["post-19","page","type-page","status-publish","hentry"],"_links":{"self":[{"href":"https:\/\/precisbilliards.com\/vi\/wp-json\/wp\/v2\/pages\/19","targetHints":{"allow":["GET"]}}],"collection":[{"href":"https:\/\/precisbilliards.com\/vi\/wp-json\/wp\/v2\/pages"}],"about":[{"href":"https:\/\/precisbilliards.com\/vi\/wp-json\/wp\/v2\/types\/page"}],"author":[{"embeddable":true,"href":"https:\/\/precisbilliards.com\/vi\/wp-json\/wp\/v2\/users\/1"}],"replies":[{"embeddable":true,"href":"https:\/\/precisbilliards.com\/vi\/wp-json\/wp\/v2\/comments?post=19"}],"version-history":[{"count":4,"href":"https:\/\/precisbilliards.com\/vi\/wp-json\/wp\/v2\/pages\/19\/revisions"}],"predecessor-version":[{"id":480,"href":"https:\/\/precisbilliards.com\/vi\/wp-json\/wp\/v2\/pages\/19\/revisions\/480"}],"wp:attachment":[{"href":"https:\/\/precisbilliards.com\/vi\/wp-json\/wp\/v2\/media?parent=19"}],"curies":[{"name":"wp","href":"https:\/\/api.w.org\/{rel}","templated":true}]}}