{"id":18,"date":"2026-03-09T02:31:29","date_gmt":"2026-03-09T02:31:29","guid":{"rendered":"https:\/\/precisbilliards.com\/my-account\/"},"modified":"2026-03-16T15:34:17","modified_gmt":"2026-03-16T08:34:17","slug":"account","status":"publish","type":"page","link":"https:\/\/precisbilliards.com\/vi\/account\/","title":{"rendered":"T\u00e0i kho\u1ea3n"},"content":{"rendered":"<div style=\"background:#f4f4f4;padding:12px 16px;border-radius:8px;margin-bottom:16px;text-align:center;\">\n  <strong>\u0110\u0103ng k\u00fd t\u00e0i kho\u1ea3n m\u1edbi \u0111\u1ec3 nh\u1eadn \u01b0u \u0111\u00e3i 20% cho \u0111\u01a1n h\u00e0ng \u0111\u1ea7u ti\u00ean v\u1edbi m\u00e3 WELCOME20<\/strong>\n<\/div>\n\n\n<div class=\"woocommerce\"><\/div>","protected":false},"excerpt":{"rendered":"<p>\u0110\u0103ng k\u00fd t\u00e0i kho\u1ea3n m\u1edbi \u0111\u1ec3 nh\u1eadn \u01b0u \u0111\u00e3i 20% cho \u0111\u01a1n h\u00e0ng \u0111\u1ea7u ti\u00ean v\u1edbi m\u00e3 WELCOME20<\/p>","protected":false},"author":1,"featured_media":0,"parent":0,"menu_order":0,"comment_status":"closed","ping_status":"closed","template":"","meta":{"footnotes":""},"class_list":["post-18","page","type-page","status-publish","hentry"],"_links":{"self":[{"href":"https:\/\/precisbilliards.com\/vi\/wp-json\/wp\/v2\/pages\/18","targetHints":{"allow":["GET"]}}],"collection":[{"href":"https:\/\/precisbilliards.com\/vi\/wp-json\/wp\/v2\/pages"}],"about":[{"href":"https:\/\/precisbilliards.com\/vi\/wp-json\/wp\/v2\/types\/page"}],"author":[{"embeddable":true,"href":"https:\/\/precisbilliards.com\/vi\/wp-json\/wp\/v2\/users\/1"}],"replies":[{"embeddable":true,"href":"https:\/\/precisbilliards.com\/vi\/wp-json\/wp\/v2\/comments?post=18"}],"version-history":[{"count":4,"href":"https:\/\/precisbilliards.com\/vi\/wp-json\/wp\/v2\/pages\/18\/revisions"}],"predecessor-version":[{"id":542,"href":"https:\/\/precisbilliards.com\/vi\/wp-json\/wp\/v2\/pages\/18\/revisions\/542"}],"wp:attachment":[{"href":"https:\/\/precisbilliards.com\/vi\/wp-json\/wp\/v2\/media?parent=18"}],"curies":[{"name":"wp","href":"https:\/\/api.w.org\/{rel}","templated":true}]}}