{"id":16,"date":"2026-03-09T02:31:28","date_gmt":"2026-03-09T02:31:28","guid":{"rendered":"https:\/\/precisbilliards.com\/cart\/"},"modified":"2026-03-10T07:24:21","modified_gmt":"2026-03-10T07:24:21","slug":"cart","status":"publish","type":"page","link":"https:\/\/precisbilliards.com\/vi\/cart\/","title":{"rendered":"Gi\u1ecf h\u00e0ng"},"content":{"rendered":"<div data-block-name=\"woocommerce\/cart\" class=\"wp-block-woocommerce-cart alignwide is-loading\">\n<div data-block-name=\"woocommerce\/filled-cart-block\" class=\"wp-block-woocommerce-filled-cart-block\">\n<div data-block-name=\"woocommerce\/cart-items-block\" class=\"wp-block-woocommerce-cart-items-block\">\n<div data-block-name=\"woocommerce\/cart-line-items-block\" class=\"wp-block-woocommerce-cart-line-items-block\"><\/div>\n\n\n<\/div>\n\n\n\n\n<div data-block-name=\"woocommerce\/cart-totals-block\" class=\"wp-block-woocommerce-cart-totals-block\">\n<div data-block-name=\"woocommerce\/cart-order-summary-block\" class=\"wp-block-woocommerce-cart-order-summary-block\">\n<div data-block-name=\"woocommerce\/cart-order-summary-heading-block\" class=\"wp-block-woocommerce-cart-order-summary-heading-block\"><\/div><div data-block-name=\"woocommerce\/cart-order-summary-coupon-form-block\" class=\"wp-block-woocommerce-cart-order-summary-coupon-form-block\"><\/div><div data-block-name=\"woocommerce\/cart-order-summary-totals-block\" class=\"wp-block-woocommerce-cart-order-summary-totals-block\">\n<div data-block-name=\"woocommerce\/cart-order-summary-subtotal-block\" class=\"wp-block-woocommerce-cart-order-summary-subtotal-block\"><\/div>\n<div data-block-name=\"woocommerce\/cart-order-summary-discount-block\" class=\"wp-block-woocommerce-cart-order-summary-discount-block\"><\/div>\n<div data-block-name=\"woocommerce\/cart-order-summary-fee-block\" class=\"wp-block-woocommerce-cart-order-summary-fee-block\"><\/div>\n<div data-block-name=\"woocommerce\/cart-order-summary-shipping-block\" class=\"wp-block-woocommerce-cart-order-summary-shipping-block\"><\/div>\n<div data-block-name=\"woocommerce\/cart-order-summary-taxes-block\" class=\"wp-block-woocommerce-cart-order-summary-taxes-block\"><\/div><\/div>\n<\/div>\n\n\n\n<div data-block-name=\"woocommerce\/cart-express-payment-block\" class=\"wp-block-woocommerce-cart-express-payment-block\"><\/div>\n\n\n\n<div data-block-name=\"woocommerce\/proceed-to-checkout-block\" class=\"wp-block-woocommerce-proceed-to-checkout-block\"><\/div>\n\n\n\n<div data-block-name=\"woocommerce\/cart-accepted-payment-methods-block\" class=\"wp-block-woocommerce-cart-accepted-payment-methods-block\"><\/div>\n<\/div>\n<\/div>\n\n\n\n<div data-block-name=\"woocommerce\/empty-cart-block\" class=\"wp-block-woocommerce-empty-cart-block\">\n<h2 class=\"wp-block-heading has-text-align-center with-empty-cart-icon wc-block-cart__empty-cart__title\">Your cart is currently empty!<\/h2>\n\n\n\n<hr class=\"wp-block-separator has-alpha-channel-opacity is-style-dots\"\/>\n\n\n\n<h2 class=\"wp-block-heading has-text-align-center\">New in store<\/h2>\n\n\n<div data-block-name=\"woocommerce\/product-new\" data-columns=\"4\" data-rows=\"1\" class=\"wc-block-grid wp-block-product-new wp-block-woocommerce-product-new wc-block-product-new has-4-columns\"><ul class=\"wc-block-grid__products\"><li class=\"wc-block-grid__product product-grid\">\n\t\t\t\t<div class=\"loop-image-wrap botiga-add-to-cart-button-layout2 botiga-quick-view-button-layout2\">\n\t\t\t\t\t<a href=\"https:\/\/precisbilliards.com\/vi\/san-pham\/eternal-sunset-collection-lip-and-cheek-set-with-jojoba-oil\/\" class=\"wc-block-grid__product-link\" title=\"Th\u00eam v\u00e0o gi\u1ecf\" data-no-translation-title=\"\">\n\t\t\t\t\t\t<div class=\"wc-block-grid__product-image\"><img loading=\"lazy\" decoding=\"async\" width=\"420\" height=\"504\" src=\"https:\/\/precisbilliards.com\/wp-content\/uploads\/2021\/07\/4-420x504.png\" class=\"attachment-woocommerce_thumbnail size-woocommerce_thumbnail\" alt=\"S4 Green\" srcset=\"https:\/\/precisbilliards.com\/wp-content\/uploads\/2021\/07\/4-420x504.png 420w, https:\/\/precisbilliards.com\/wp-content\/uploads\/2021\/07\/4-250x300.png 250w, https:\/\/precisbilliards.com\/wp-content\/uploads\/2021\/07\/4-853x1024.png 853w, https:\/\/precisbilliards.com\/wp-content\/uploads\/2021\/07\/4-768x922.png 768w, https:\/\/precisbilliards.com\/wp-content\/uploads\/2021\/07\/4-10x12.png 10w, https:\/\/precisbilliards.com\/wp-content\/uploads\/2021\/07\/4-920x1104.png 920w, https:\/\/precisbilliards.com\/wp-content\/uploads\/2021\/07\/4-575x690.png 575w, https:\/\/precisbilliards.com\/wp-content\/uploads\/2021\/07\/4-380x456.png 380w, https:\/\/precisbilliards.com\/wp-content\/uploads\/2021\/07\/4-800x960.png 800w, https:\/\/precisbilliards.com\/wp-content\/uploads\/2021\/07\/4.png 1050w\" sizes=\"auto, (max-width: 420px) 100vw, 420px\" \/><\/div>\n\t\t\t\t\t<\/a>\n\t<a href=\"#\" class=\"button botiga-quick-view-show-on-hover botiga-quick-view botiga-quick-view-layout2\" aria-label=\"Quick view the S4 Green product\" data-product-id=\"97\" data-nonce=\"39ff87254d\">\n\t\tQuick View\t<\/a>\n\t<\/div><a href=\"https:\/\/precisbilliards.com\/vi\/san-pham\/eternal-sunset-collection-lip-and-cheek-set-with-jojoba-oil\/\" class=\"wc-block-grid__product-link\">\n\t\t\t\t\t<div class=\"wc-block-grid__product-title\">S4 xanh l\u00e1<\/div>\n\t\t\t\t<\/a><div class=\"wc-block-grid__product-rating\"><div class=\"star-rating\" role=\"img\" aria-label=\"\u0110\u01b0\u1ee3c x\u1ebfp h\u1ea1ng 5.00 5 sao\" data-no-translation-aria-label=\"\"><span style=\"width:100%\" data-no-translation=\"\" data-trp-gettext=\"\"><strong class=\"rating\">5.00<\/strong> tr\u00ean 5 d\u1ef1a tr\u00ean <span class=\"rating\">3<\/span> \u0111\u00e1nh gi\u00e1<\/span><\/div><\/div><div class=\"wc-block-grid__product-price price\"><span class=\"woocommerce-Price-amount amount\">280.000&nbsp;<span class=\"woocommerce-Price-currencySymbol\">&#8363;<\/span><\/span><\/div><div class=\"wp-block-button wc-block-grid__product-add-to-cart\"><div class=\"loop-button-wrap button-width-auto button-layout2\"><a href=\"\/vi\/wp-json\/wp\/v2\/pages\/16?add-to-cart=97\" aria-label=\"Th\u00eam v\u00e0o gi\u1ecf\" data-quantity=\"1\" data-product_id=\"97\" data-product_sku=\"\" rel=\"nofollow\" class=\"button wp-block-button__link add_to_cart_button ajax_add_to_cart\" data-no-translation=\"\" data-trp-gettext=\"\" data-no-translation-aria-label=\"\">Th\u00eam v\u00e0o gi\u1ecf<\/a><\/div><\/div><\/li><li class=\"wc-block-grid__product product-grid\">\n\t\t\t\t<div class=\"loop-image-wrap botiga-add-to-cart-button-layout2 botiga-quick-view-button-layout2\">\n\t\t\t\t\t<a href=\"https:\/\/precisbilliards.com\/vi\/san-pham\/vinopure-pore-purifying-gel-cleanser-salicylic-acid-combination\/\" class=\"wc-block-grid__product-link\" title=\"Th\u00eam v\u00e0o gi\u1ecf\" data-no-translation-title=\"\">\n\t\t\t\t\t\t<div class=\"wc-block-grid__product-image\"><img loading=\"lazy\" decoding=\"async\" width=\"420\" height=\"504\" src=\"https:\/\/precisbilliards.com\/wp-content\/uploads\/2021\/07\/8-420x504.png\" class=\"attachment-woocommerce_thumbnail size-woocommerce_thumbnail\" alt=\"S4 Gray\" srcset=\"https:\/\/precisbilliards.com\/wp-content\/uploads\/2021\/07\/8-420x504.png 420w, https:\/\/precisbilliards.com\/wp-content\/uploads\/2021\/07\/8-250x300.png 250w, https:\/\/precisbilliards.com\/wp-content\/uploads\/2021\/07\/8-853x1024.png 853w, https:\/\/precisbilliards.com\/wp-content\/uploads\/2021\/07\/8-768x922.png 768w, https:\/\/precisbilliards.com\/wp-content\/uploads\/2021\/07\/8-10x12.png 10w, https:\/\/precisbilliards.com\/wp-content\/uploads\/2021\/07\/8-920x1104.png 920w, https:\/\/precisbilliards.com\/wp-content\/uploads\/2021\/07\/8-575x690.png 575w, https:\/\/precisbilliards.com\/wp-content\/uploads\/2021\/07\/8-380x456.png 380w, https:\/\/precisbilliards.com\/wp-content\/uploads\/2021\/07\/8-800x960.png 800w, https:\/\/precisbilliards.com\/wp-content\/uploads\/2021\/07\/8.png 1050w\" sizes=\"auto, (max-width: 420px) 100vw, 420px\" \/><\/div>\n\t\t\t\t\t<\/a>\n\t<a href=\"#\" class=\"button botiga-quick-view-show-on-hover botiga-quick-view botiga-quick-view-layout2\" aria-label=\"Quick view the S4 Gray product\" data-product-id=\"96\" data-nonce=\"39ff87254d\">\n\t\tQuick View\t<\/a>\n\t<\/div><a href=\"https:\/\/precisbilliards.com\/vi\/san-pham\/vinopure-pore-purifying-gel-cleanser-salicylic-acid-combination\/\" class=\"wc-block-grid__product-link\">\n\t\t\t\t\t<div class=\"wc-block-grid__product-title\">S4 X\u00e1m<\/div>\n\t\t\t\t<\/a><div class=\"wc-block-grid__product-price price\"><span class=\"woocommerce-Price-amount amount\">280.000&nbsp;<span class=\"woocommerce-Price-currencySymbol\">&#8363;<\/span><\/span><\/div><div class=\"wp-block-button wc-block-grid__product-add-to-cart\"><div class=\"loop-button-wrap button-width-auto button-layout2\"><a href=\"\/vi\/wp-json\/wp\/v2\/pages\/16?add-to-cart=96\" aria-label=\"Th\u00eam v\u00e0o gi\u1ecf\" data-quantity=\"1\" data-product_id=\"96\" data-product_sku=\"\" rel=\"nofollow\" class=\"button wp-block-button__link add_to_cart_button ajax_add_to_cart\" data-no-translation=\"\" data-trp-gettext=\"\" data-no-translation-aria-label=\"\">Th\u00eam v\u00e0o gi\u1ecf<\/a><\/div><\/div><\/li><li class=\"wc-block-grid__product product-grid\">\n\t\t\t\t<div class=\"loop-image-wrap botiga-add-to-cart-button-layout2 botiga-quick-view-button-layout2\">\n\t\t\t\t\t<a href=\"https:\/\/precisbilliards.com\/vi\/san-pham\/deep-sweep-2-bha-pore-cleaning-toner-with-moringa\/\" class=\"wc-block-grid__product-link\" title=\"Th\u00eam v\u00e0o gi\u1ecf\" data-no-translation-title=\"\">\n\t\t\t\t\t\t<div class=\"wc-block-grid__product-image\"><img loading=\"lazy\" decoding=\"async\" width=\"420\" height=\"504\" src=\"https:\/\/precisbilliards.com\/wp-content\/uploads\/2021\/07\/10-420x504.png\" class=\"attachment-woocommerce_thumbnail size-woocommerce_thumbnail\" alt=\"S4 Lavender\" srcset=\"https:\/\/precisbilliards.com\/wp-content\/uploads\/2021\/07\/10-420x504.png 420w, https:\/\/precisbilliards.com\/wp-content\/uploads\/2021\/07\/10-250x300.png 250w, https:\/\/precisbilliards.com\/wp-content\/uploads\/2021\/07\/10-853x1024.png 853w, https:\/\/precisbilliards.com\/wp-content\/uploads\/2021\/07\/10-768x922.png 768w, https:\/\/precisbilliards.com\/wp-content\/uploads\/2021\/07\/10-10x12.png 10w, https:\/\/precisbilliards.com\/wp-content\/uploads\/2021\/07\/10-920x1104.png 920w, https:\/\/precisbilliards.com\/wp-content\/uploads\/2021\/07\/10-575x690.png 575w, https:\/\/precisbilliards.com\/wp-content\/uploads\/2021\/07\/10-380x456.png 380w, https:\/\/precisbilliards.com\/wp-content\/uploads\/2021\/07\/10-800x960.png 800w, https:\/\/precisbilliards.com\/wp-content\/uploads\/2021\/07\/10.png 1050w\" sizes=\"auto, (max-width: 420px) 100vw, 420px\" \/><\/div>\n\t\t\t\t\t<\/a>\n\t<a href=\"#\" class=\"button botiga-quick-view-show-on-hover botiga-quick-view botiga-quick-view-layout2\" aria-label=\"Quick view the S4 Lavender product\" data-product-id=\"95\" data-nonce=\"39ff87254d\">\n\t\tQuick View\t<\/a>\n\t<\/div><a href=\"https:\/\/precisbilliards.com\/vi\/san-pham\/deep-sweep-2-bha-pore-cleaning-toner-with-moringa\/\" class=\"wc-block-grid__product-link\">\n\t\t\t\t\t<div class=\"wc-block-grid__product-title\">S4 Lavender<\/div>\n\t\t\t\t<\/a><div class=\"wc-block-grid__product-rating\"><div class=\"star-rating\" role=\"img\" aria-label=\"\u0110\u01b0\u1ee3c x\u1ebfp h\u1ea1ng 5.00 5 sao\" data-no-translation-aria-label=\"\"><span style=\"width:100%\" data-no-translation=\"\" data-trp-gettext=\"\"><strong class=\"rating\">5.00<\/strong> tr\u00ean 5 d\u1ef1a tr\u00ean <span class=\"rating\">4<\/span> \u0111\u00e1nh gi\u00e1<\/span><\/div><\/div><div class=\"wc-block-grid__product-price price\"><span class=\"woocommerce-Price-amount amount\">280.000&nbsp;<span class=\"woocommerce-Price-currencySymbol\">&#8363;<\/span><\/span><\/div><div class=\"wp-block-button wc-block-grid__product-add-to-cart\"><div class=\"loop-button-wrap button-width-auto button-layout2\"><a href=\"\/vi\/wp-json\/wp\/v2\/pages\/16?add-to-cart=95\" aria-label=\"Th\u00eam v\u00e0o gi\u1ecf\" data-quantity=\"1\" data-product_id=\"95\" data-product_sku=\"\" rel=\"nofollow\" class=\"button wp-block-button__link add_to_cart_button ajax_add_to_cart\" data-no-translation=\"\" data-trp-gettext=\"\" data-no-translation-aria-label=\"\">Th\u00eam v\u00e0o gi\u1ecf<\/a><\/div><\/div><\/li><\/ul><\/div><\/div>\n<\/div>","protected":false},"excerpt":{"rendered":"","protected":false},"author":1,"featured_media":0,"parent":0,"menu_order":0,"comment_status":"closed","ping_status":"closed","template":"","meta":{"footnotes":""},"class_list":["post-16","page","type-page","status-publish","hentry"],"_links":{"self":[{"href":"https:\/\/precisbilliards.com\/vi\/wp-json\/wp\/v2\/pages\/16","targetHints":{"allow":["GET"]}}],"collection":[{"href":"https:\/\/precisbilliards.com\/vi\/wp-json\/wp\/v2\/pages"}],"about":[{"href":"https:\/\/precisbilliards.com\/vi\/wp-json\/wp\/v2\/types\/page"}],"author":[{"embeddable":true,"href":"https:\/\/precisbilliards.com\/vi\/wp-json\/wp\/v2\/users\/1"}],"replies":[{"embeddable":true,"href":"https:\/\/precisbilliards.com\/vi\/wp-json\/wp\/v2\/comments?post=16"}],"version-history":[{"count":1,"href":"https:\/\/precisbilliards.com\/vi\/wp-json\/wp\/v2\/pages\/16\/revisions"}],"predecessor-version":[{"id":444,"href":"https:\/\/precisbilliards.com\/vi\/wp-json\/wp\/v2\/pages\/16\/revisions\/444"}],"wp:attachment":[{"href":"https:\/\/precisbilliards.com\/vi\/wp-json\/wp\/v2\/media?parent=16"}],"curies":[{"name":"wp","href":"https:\/\/api.w.org\/{rel}","templated":true}]}}